{"id":67,"date":"2025-05-09T16:13:22","date_gmt":"2025-05-09T09:13:22","guid":{"rendered":"http:\/\/eduint.buu.ac.th\/?page_id=67"},"modified":"2025-05-13T09:07:33","modified_gmt":"2025-05-13T02:07:33","slug":"sample-page-2","status":"publish","type":"page","link":"http:\/\/eduint.buu.ac.th\/?page_id=67","title":{"rendered":"MISSION"},"content":{"rendered":"\n<div class=\"wp-block-essential-blocks-advanced-tabs alignwide  root-eb-advanced-tabs-dwgg1\"><div class=\"eb-parent-wrapper eb-parent-eb-advanced-tabs-dwgg1 \"><div class=\"eb-advanced-tabs-dwgg1 eb-advanced-tabs-wrapper horizontal\" data-min-height=\"true\"><div class=\"eb-tabs-nav\"><ul class=\"tabTitles\" data-tabs-ul-id=\"eb-advanced-tabs-dwgg1\"><li data-title-tab-id=\"1\" data-title-custom-id=\"\" class=\"active\"><h6 class=\"tab-title-text\">ENGLISH <img loading=\"lazy\" decoding=\"async\" height=\"32\" width=\"32\" src=\"https:\/\/static.xx.fbcdn.net\/images\/emoji.php\/v9\/td0\/1\/32\/1f1ec_1f1e7.png\" alt=\"\ud83c\uddec\ud83c\udde7\"><\/h6><\/li><li data-title-tab-id=\"2\" class=\"inactive\"><h6 class=\"tab-title-text\">\u0e44\u0e17\u0e22 <img loading=\"lazy\" decoding=\"async\" height=\"32\" width=\"32\" src=\"https:\/\/static.xx.fbcdn.net\/images\/emoji.php\/v9\/t32\/1\/32\/1f1f9_1f1ed.png\" alt=\"\ud83c\uddf9\ud83c\udded\"><\/h6><\/li><li data-title-tab-id=\"3\" class=\"inactive\"><h6 class=\"tab-title-text\">\u4e2d\u6587 <img loading=\"lazy\" decoding=\"async\" height=\"32\" width=\"32\" src=\"https:\/\/static.xx.fbcdn.net\/images\/emoji.php\/v9\/t0\/1\/32\/1f1e8_1f1f3.png\" alt=\"\ud83c\udde8\ud83c\uddf3\"><\/h6><\/li><\/ul><\/div><div class=\"eb-tabs-contents\">\n<div class=\"eb-tab-wrapper\" data-tab-id=\"1\" data-tab-parent-id=\"eb-advanced-tabs-dwgg1\"><div class=\"eb-tab-inner\">\n<p>Key Strategic Issues<\/p>\n\n\n\n<p><\/p>\n\n\n\n<p>Philosophy<br>Building Wisdom, Seeking Knowledge, and Morality, Leading Society<\/p>\n\n\n\n<p><\/p>\n\n\n\n<p>Slogan<\/p>\n\n\n\n<p>Sukho Panyapatil\u0101bo: Gaining Wisdom, Creating Happiness<\/p>\n\n\n\n<p><\/p>\n\n\n\n<p>Vision<br>&#8220;Eastern Wisdom in Education to Create Value for Sustainability&#8221;<\/p>\n\n\n\n<p>WE BEST: THE WISDOM OF THE EAST: BUILDING EDUCATION FOR SUSTAINABILITY AND TRANSFORMATION<\/p>\n\n\n\n<p><\/p>\n\n\n\n<p>Mission<\/p>\n\n\n\n<p>1. Producing professional teachers, educators, educational administrators, and researchers with competencies to support educational development in the East and the needs of the country<\/p>\n\n\n\n<ol class=\"wp-block-list\"><\/ol>\n\n\n\n<p>2. Researching and providing academic services to create educational knowledge and promote lifelong learning<\/p>\n\n\n\n<p>3. Developing communities with educational knowledge through academic services, promoting arts, culture, local wisdom, creating a learning society, and supporting lifelong learning opportunities<\/p>\n\n\n\n<p>4. Managing the organization with quality to aim for a sustainable educational organization<\/p>\n\n\n\n<p><\/p>\n\n\n\n<p><\/p>\n\n\n\n<p>Identity<br>Smart, eager to learn, good communicators, and moral<\/p>\n\n\n\n<p><\/p>\n\n\n\n<p>Uniqueness<br>To be an organization of learning in educational science<\/p>\n<\/div><\/div>\n\n\n\n<div class=\"eb-tab-wrapper\" data-tab-id=\"2\" data-tab-parent-id=\"eb-advanced-tabs-dwgg1\"><div class=\"eb-tab-inner\">\n<p>\u0e1b\u0e23\u0e30\u0e40\u0e14\u0e47\u0e19\u0e2b\u0e25\u0e31\u0e01\u0e22\u0e38\u0e17\u0e18\u0e28\u0e32\u0e2a\u0e15\u0e23\u0e4c<\/p>\n\n\n\n<p>\u0e1b\u0e23\u0e31\u0e0a\u0e0d\u0e32<br>\u0e2a\u0e23\u0e49\u0e32\u0e07\u0e40\u0e2a\u0e23\u0e34\u0e21\u0e1b\u0e31\u0e0d\u0e0d\u0e32 \u0e43\u0e1d\u0e48\u0e2b\u0e32\u0e04\u0e27\u0e32\u0e21\u0e23\u0e39\u0e49 \u0e04\u0e39\u0e48\u0e04\u0e38\u0e13\u0e18\u0e23\u0e23\u0e21 \u0e0a\u0e35\u0e49\u0e19\u0e4d\u0e32\u0e2a\u0e31\u0e07\u0e04\u0e21<\/p>\n\n\n\n<p><\/p>\n\n\n\n<p>\u0e04\u0e4d\u0e32\u0e02\u0e27\u0e31\u0e0d<br>\u0e2a\u0e38\u0e42\u0e02 \u0e1b\u0e0d\u0e3a\u0e0d\u0e32\u0e1b\u0e0f\u0e34\u0e25\u0e32\u0e42\u0e20 : \u0e04\u0e27\u0e32\u0e21\u0e44\u0e14\u0e49\u0e1b\u0e31\u0e0d\u0e0d\u0e32 \u0e43\u0e2b\u0e49\u0e40\u0e01\u0e34\u0e14\u0e2a\u0e38\u0e02<\/p>\n\n\n\n<p><\/p>\n\n\n\n<p>\u0e27\u0e34\u0e2a\u0e31\u0e22\u0e17\u0e31\u0e28\u0e19\u0e4c<br>&#8220;\u0e02\u0e38\u0e21\u0e1b\u0e31\u0e0d\u0e0d\u0e32\u0e15\u0e30\u0e27\u0e31\u0e19\u0e2d\u0e2d\u0e01\u0e17\u0e32\u0e07\u0e01\u0e32\u0e23\u0e28\u0e36\u0e01\u0e29\u0e32\u0e40\u0e1e\u0e37\u0e48\u0e2d\u0e2a\u0e23\u0e49\u0e32\u0e07\u0e04\u0e38\u0e13\u0e04\u0e48\u0e32\u0e2a\u0e39\u0e48\u0e04\u0e27\u0e32\u0e21\u0e22\u0e31\u0e48\u0e07\u0e22\u0e37\u0e19&#8221;<br>WE BEST : THE WISDOM OF THE EAST: BUILDING EDUCATION FOR SUSTAINABILITY AND TRANSFORMATION<\/p>\n\n\n\n<p><\/p>\n\n\n\n<p>\u0e1e\u0e31\u0e19\u0e18\u0e01\u0e34\u0e08<\/p>\n\n\n\n<ol class=\"wp-block-list\">\n<li>\u0e1c\u0e25\u0e34\u0e15\u0e04\u0e23\u0e39\u0e21\u0e37\u0e2d\u0e2d\u0e32\u0e0a\u0e35\u0e1e \u0e19\u0e31\u0e01\u0e01\u0e32\u0e23\u0e28\u0e36\u0e01\u0e29\u0e32 \u0e19\u0e31\u0e01\u0e1a\u0e23\u0e34\u0e2b\u0e32\u0e23\u0e01\u0e32\u0e23\u0e28\u0e36\u0e01\u0e29\u0e32 \u0e41\u0e25\u0e30\u0e19\u0e31\u0e01\u0e27\u0e34\u0e08\u0e31\u0e22 \u0e17\u0e35\u0e48\u0e21\u0e35\u0e2a\u0e21\u0e23\u0e23\u0e16\u0e19\u0e30\u0e23\u0e2d\u0e07\u0e23\u0e31\u0e1a \u0e01\u0e32\u0e23\u0e1e\u0e31\u0e12\u0e19\u0e32\u0e01\u0e32\u0e23\u0e28\u0e36\u0e01\u0e29\u0e32\u0e43\u0e19\u0e20\u0e32\u0e04\u0e15\u0e30\u0e27\u0e31\u0e19\u0e2d\u0e2d\u0e01\u0e41\u0e25\u0e30\u0e04\u0e27\u0e32\u0e21\u0e15\u0e49\u0e2d\u0e07\u0e01\u0e32\u0e23\u0e43\u0e19\u0e1b\u0e23\u0e30\u0e40\u0e17<\/li>\n\n\n\n<li>\u0e27\u0e34\u0e08\u0e31\u0e22\u0e41\u0e25\u0e30\u0e1a\u0e23\u0e34\u0e01\u0e32\u0e23\u0e27\u0e34\u0e0a\u0e32\u0e01\u0e32\u0e23\u0e40\u0e1e\u0e37\u0e48\u0e2d\u0e2a\u0e23\u0e49\u0e32\u0e07\u0e2d\u0e07\u0e04\u0e4c\u0e04\u0e27\u0e32\u0e21\u0e23\u0e39\u0e49\u0e17\u0e32\u0e07\u0e01\u0e32\u0e23\u0e28\u0e36\u0e01\u0e29\u0e32 \u0e41\u0e25\u0e30\u0e2a\u0e48\u0e07\u0e40\u0e2a\u0e23\u0e34\u0e21\u0e01\u0e32\u0e23\u0e40\u0e23\u0e35\u0e22\u0e19\u0e23\u0e39\u0e49\u0e15\u0e25\u0e2d\u0e14\u0e0a\u0e35\u0e27\u0e34\u0e15<\/li>\n\n\n\n<li>\u0e1e\u0e31\u0e12\u0e19\u0e32\u0e0a\u0e38\u0e21\u0e0a\u0e19\u0e14\u0e49\u0e27\u0e22\u0e2d\u0e07\u0e04\u0e4c\u0e04\u0e27\u0e32\u0e21\u0e23\u0e39\u0e49\u0e17\u0e32\u0e07\u0e01\u0e32\u0e23\u0e28\u0e36\u0e01\u0e29\u0e32\u0e1c\u0e48\u0e32\u0e19\u0e01\u0e32\u0e23\u0e1a\u0e23\u0e34\u0e01\u0e32\u0e23\u0e27\u0e34\u0e0a\u0e32\u0e01\u0e32\u0e23 \u0e2a\u0e48\u0e07\u0e40\u0e2a\u0e23\u0e34\u0e21\u0e28\u0e34\u0e25\u0e1b\u0e27\u0e31\u0e12\u0e19\u0e18\u0e23\u0e23\u0e21 \u0e20\u0e39\u0e21\u0e34\u0e1b\u0e31\u0e0d\u0e0d\u0e32\u0e17\u0e49\u0e2d\u0e07\u0e16\u0e34\u0e48\u0e19 \u0e2a\u0e23\u0e49\u0e32\u0e07\u0e2a\u0e31\u0e07\u0e04\u0e21\u0e41\u0e2b\u0e48\u0e07\u0e01\u0e32\u0e23\u0e40\u0e23\u0e35\u0e22\u0e19\u0e23\u0e39\u0e49 \u0e41\u0e25\u0e30\u0e2a\u0e19\u0e31\u0e1a\u0e2a\u0e19\u0e38\u0e19\u0e42\u0e2d\u0e01\u0e32\u0e2a\u0e43\u0e19\u0e01\u0e32\u0e23\u0e40\u0e23\u0e35\u0e22\u0e19\u0e23\u0e39\u0e49\u0e15\u0e25\u0e2d\u0e14\u0e0a\u0e35\u0e27\u0e34\u0e15<\/li>\n\n\n\n<li>\u0e1a\u0e23\u0e34\u0e2b\u0e32\u0e23\u0e08\u0e31\u0e14\u0e01\u0e32\u0e23\u0e2d\u0e07\u0e04\u0e4c\u0e01\u0e23\u0e2d\u0e22\u0e48\u0e32\u0e07\u0e21\u0e35\u0e04\u0e38\u0e13\u0e20\u0e32\u0e1e\u0e40\u0e1e\u0e37\u0e48\u0e2d\u0e21\u0e38\u0e48\u0e07\u0e2a\u0e39\u0e48\u0e2d\u0e07\u0e04\u0e4c\u0e01\u0e23\u0e17\u0e32\u0e07\u0e01\u0e32\u0e23\u0e28\u0e36\u0e01\u0e29\u0e32\u0e2d\u0e22\u0e48\u0e32\u0e07\u0e22\u0e31\u0e48\u0e07\u0e22\u0e37\u0e19<\/li>\n<\/ol>\n\n\n\n<p><\/p>\n\n\n\n<p>\u0e2d\u0e31\u0e15\u0e25\u0e31\u0e01\u0e29\u0e13\u0e4c<br>\u0e09\u0e25\u0e32\u0e14\u0e23\u0e39\u0e49 \u0e43\u0e1d\u0e48\u0e28\u0e36\u0e01\u0e29\u0e32 \u0e2a\u0e37\u0e48\u0e2d\u0e2a\u0e32\u0e23\u0e14\u0e35 \u0e21\u0e35\u0e04\u0e38\u0e13\u0e18\u0e23\u0e23\u0e21<\/p>\n\n\n\n<p><\/p>\n\n\n\n<p>\u0e40\u0e2d\u0e01\u0e25\u0e31\u0e01\u0e29\u0e13\u0e4c<br>\u0e40\u0e1b\u0e47\u0e19\u0e2d\u0e07\u0e04\u0e4c\u0e01\u0e23\u0e41\u0e2b\u0e48\u0e07\u0e01\u0e32\u0e23\u0e40\u0e23\u0e35\u0e22\u0e19\u0e23\u0e39\u0e49\u0e28\u0e32\u0e2a\u0e15\u0e23\u0e4c\u0e17\u0e32\u0e07\u0e01\u0e32\u0e23\u0e28\u0e36\u0e01\u0e29\u0e32<\/p>\n<\/div><\/div>\n\n\n\n<div class=\"eb-tab-wrapper\" data-tab-id=\"3\" data-tab-parent-id=\"eb-advanced-tabs-dwgg1\"><div class=\"eb-tab-inner\">\n<p>\u6218\u7565\u5173\u952e\u95ee\u9898<\/p>\n\n\n\n<p>\u54f2\u5b66<br>\u53d1\u5c55\u667a\u6167\uff0c\u5bfb\u6c42\u77e5\u8bc6\uff0c\u6811\u7acb\u9053\u5fb7\uff0c\u5f15\u9886\u793e\u4f1a\u3002<\/p>\n\n\n\n<p>\u5ea7\u53f3\u94ed<br>Sukho Pa\u00f1\u00f1\u0101patil\u0101bo\uff1a\u83b7\u5f97\u667a\u6167\u5e26\u6765\u5e78\u798f\u3002<\/p>\n\n\n\n<p>\u60f3\u8c61<br>\u201c\u4e1c\u65b9\u6559\u80b2\u667a\u6167\uff0c\u521b\u9020\u53ef\u6301\u7eed\u53d1\u5c55\u7684\u4ef7\u503c\u201d<br>\u6211\u4eec\u6700\u597d\uff1a\u4e1c\u65b9\u667a\u6167\uff1a\u6784\u5efa\u53ef\u6301\u7eed\u53d1\u5c55\u4e0e\u8f6c\u578b\u6559\u80b2<\/p>\n\n\n\n<p>\u4f7f\u547d<\/p>\n\n\n\n<p>\u57f9\u517b\u5177\u6709\u914d\u5957\u80fd\u529b\u7684\u4e13\u4e1a\u6559\u5e08\u3001\u6559\u80b2\u5de5\u4f5c\u8005\u3001\u6559\u80b2\u7ba1\u7406\u8005\u548c\u7814\u7a76\u4eba\u5458\u3002\u4e1c\u90e8\u5730\u533a\u6559\u80b2\u53d1\u5c55\u4e0e\u5168\u56fd\u9700\u6c42<\/p>\n\n\n\n<p>\u521b\u9020\u6559\u80b2\u77e5\u8bc6\u548c\u4fc3\u8fdb\u7ec8\u8eab\u5b66\u4e60\u7684\u7814\u7a76\u548c\u5b66\u672f\u670d\u52a1<\/p>\n\n\n\n<p>\u901a\u8fc7\u5b66\u672f\u670d\u52a1\u53d1\u5c55\u5177\u6709\u6559\u80b2\u77e5\u8bc6\u7684\u793e\u533a \u63a8\u5e7f\u827a\u672f\u548c\u6587\u5316 \u672c\u5730\u667a\u6167 \u521b\u5efa\u5b66\u4e60\u578b\u793e\u4f1a\u5e76\u652f\u6301\u7ec8\u8eab\u5b66\u4e60\u673a\u4f1a<\/p>\n\n\n\n<p>\u4ee5\u8d28\u91cf\u7ba1\u7406\u7ec4\u7ec7\uff0c\u6210\u4e3a\u53ef\u6301\u7eed\u53d1\u5c55\u7684\u6559\u80b2\u7ec4\u7ec7<\/p>\n\n\n\n<p>\u8eab\u4efd<br>\u806a\u660e\u3001\u597d\u5b66\u3001\u5584\u4e8e\u6c9f\u901a\u3001\u6709\u9053\u5fb7\u3002<\/p>\n\n\n\n<p>\u72ec\u7279\u7684<br>\u5b83\u662f\u4e00\u4e2a\u5b66\u4e60\u6559\u80b2\u79d1\u5b66\u7684\u7ec4\u7ec7\u3002<\/p>\n<\/div><\/div>\n<\/div><\/div><\/div><\/div>\n","protected":false},"excerpt":{"rendered":"","protected":false},"author":1,"featured_media":0,"parent":0,"menu_order":0,"comment_status":"closed","ping_status":"open","template":"","meta":{"_eb_attr":"","footnotes":""},"class_list":["post-67","page","type-page","status-publish","hentry"],"_links":{"self":[{"href":"http:\/\/eduint.buu.ac.th\/index.php?rest_route=\/wp\/v2\/pages\/67","targetHints":{"allow":["GET"]}}],"collection":[{"href":"http:\/\/eduint.buu.ac.th\/index.php?rest_route=\/wp\/v2\/pages"}],"about":[{"href":"http:\/\/eduint.buu.ac.th\/index.php?rest_route=\/wp\/v2\/types\/page"}],"author":[{"embeddable":true,"href":"http:\/\/eduint.buu.ac.th\/index.php?rest_route=\/wp\/v2\/users\/1"}],"replies":[{"embeddable":true,"href":"http:\/\/eduint.buu.ac.th\/index.php?rest_route=%2Fwp%2Fv2%2Fcomments&post=67"}],"version-history":[{"count":3,"href":"http:\/\/eduint.buu.ac.th\/index.php?rest_route=\/wp\/v2\/pages\/67\/revisions"}],"predecessor-version":[{"id":106,"href":"http:\/\/eduint.buu.ac.th\/index.php?rest_route=\/wp\/v2\/pages\/67\/revisions\/106"}],"wp:attachment":[{"href":"http:\/\/eduint.buu.ac.th\/index.php?rest_route=%2Fwp%2Fv2%2Fmedia&parent=67"}],"curies":[{"name":"wp","href":"https:\/\/api.w.org\/{rel}","templated":true}]}}